{"id":1092,"date":"2015-05-12T15:45:37","date_gmt":"2015-05-12T20:45:37","guid":{"rendered":"https:\/\/www.shielddrivingschoolct.net\/?page_id=1092"},"modified":"2021-06-08T19:30:45","modified_gmt":"2021-06-08T23:30:45","slug":"curso-y-lista-de-precios","status":"publish","type":"page","link":"https:\/\/www.shielddrivingschoolct.net\/es\/curso-y-lista-de-precios\/","title":{"rendered":"Lista de precios para nuestras clases"},"content":{"rendered":"<p>Shield Driving School ha creado y desarrollado un curso \u00fanico para nuestra \u00e1rea. Nuestro programa de manejo para adolescentes se ha dise\u00f1ado desde cero para ayudar a educar conductores seguros, responsables y altamente calificados.<br \/>\n\n<div class=\"sc-column one-third\">\n<a href=\"http:\/\/shielddrivingschoolct.net\/cms\/wp-content\/uploads\/2013\/06\/without-cone1.png\"><img decoding=\"async\" loading=\"lazy\" class=\"alignright size-full wp-image-257\" src=\"http:\/\/shielddrivingschoolct.net\/cms\/wp-content\/uploads\/2013\/06\/without-cone1.png\" alt=\"without-cone\" width=\"230\" height=\"230\" srcset=\"https:\/\/shielddrivingschoolct.net\/cms\/wp-content\/uploads\/2013\/06\/without-cone1.png 230w, https:\/\/shielddrivingschoolct.net\/cms\/wp-content\/uploads\/2013\/06\/without-cone1-150x150.png 150w, https:\/\/shielddrivingschoolct.net\/cms\/wp-content\/uploads\/2013\/06\/without-cone1-300x300.png 300w, https:\/\/shielddrivingschoolct.net\/cms\/wp-content\/uploads\/2013\/06\/without-cone1-1024x1024.png 1024w\" sizes=\"(max-width: 230px) 100vw, 230px\" \/><\/a>\n<\/div>\n<div class=\"sc-column sc-column-last two-third-last\">\n<h3>Contenido del curso:<\/h3>\n<ul class=\"style4\">\n<li>Antes de recibir su licencia de conducir el Departamento de Motores y Veh\u00edculos (DMV) requiere que se inscriba y complete un curso de 8 horas sobre el uso de drogas y alcohol y los m\u00e9todos seguros de conducir. Nosotros le proporcionaremos las habilidades y el conocimiento que necesita para convertirse en un buen conductor y seguro de si mismo. Despu\u00e9s de completar este curso, usted recibir\u00e1 el certificado CS-1 para poder solicitar una licencia.<\/li>\n<li>El programa completo incluye 30 horas en un sal\u00f3n de clase, incluyendo las 8 horas requeridas por el DMV y 8 horas detr\u00e1s del volante. Todos nuestros estudiantes recibir\u00e1n un libro de estudio y un manual para completar tareas en casa.<\/li>\n<li>Podemos ir a donde usted se encuentre; lo podemos recoger y dejar en su hogar, escuela o lugar de trabajo.<\/li>\n<li>Vamos a proporcionar pruebas escritas en el mismo sitio para nuestros estudiantes adolescentes.<\/li>\n<\/ul>\n<\/div><div class=\"clearing\"><\/div>\n<div class=\"rule\"><\/div><\/p>\n<h1>Course listing coming soon:<\/h1>\n<p><div class=\"courses-container\"><div class=\"courses-wrapper\"><div class=\"course-container\"><div class=\"course-header\"><h3>Programa Completo no DMV<\/h3><span class=\"course-price-new\">$550<\/span><\/div><div class=\"course-body\"><span class=\"course-description\">El programa completo incluye 30 horas de en el aula , incluyendo 8 horas de la requerida por CT- DMV Drogas , Alcohol y conducci\u00f3n segura y 8 horas de detr\u00e1s del supuesto rueda.<\/span><span class=\"course-length\"><span class=\"course-length-text\">Length of<\/span><span class=\"course-length-time\">30 HORAS<\/span><\/span><span class=\"course-content\"><ul class=\"style7 cleanmargin-bottom \">\r\n\t<li class=\"tleft\"><span style=\"color: #6ea649; font-weight: bold;\">GRATIS<\/span> libro De Texto.<\/li>\r\n\t<li class=\"tleft\"><span style=\"color: #6ea649; font-weight: bold;\">GRATIS<\/span> Manual.<\/li>\r\n<\/ul><\/span><\/div><div class=\"course-footer\"><span class=\"course-button\"><a href=\"#\">\u00a1Reg\u00edstrese ahora!<\/a><\/span><\/div><\/div><div class=\"course-container\"><div class=\"course-header\"><h3>Programa Completo con DMV<\/h3><span class=\"course-price-new\">$700<\/span><\/div><div class=\"course-body\"><span class=\"course-description\">El programa completo incluye 30 horas de en el aula , incluyendo 8 horas de la requerida por CT- DMV Drogas , Alcohol y conducci\u00f3n segura y 8 horas de detr\u00e1s del supuesto rueda.<\/span><span class=\"course-length\"><span class=\"course-length-text\">Length of<\/span><span class=\"course-length-time\">30 HORAS<\/span><\/span><span class=\"course-content\"><ul class=\"style7 cleanmargin-bottom \">\r\n\t<li class=\"tleft\"><span style=\"color: #6ea649; font-weight: bold;\">GRATIS<\/span> libro De Texto.<\/li>\r\n\t<li class=\"tleft\"><span style=\"color: #6ea649; font-weight: bold;\">GRATIS<\/span> Manual.<\/li>\r\n<\/ul><\/span><\/div><div class=\"course-footer\"><span class=\"course-button\"><a href=\"#\">\u00a1Reg\u00edstrese ahora!<\/a><\/span><\/div><\/div><div class=\"course-container course-featured\"><div class=\"course-header\"><h3>Curso sobre alcohol y drogas: Partes A y B<\/h3><span class=\"course-price-new\">$120<\/span><\/div><div class=\"course-body\"><span class=\"course-description\">Antes de recibir su licencia de conducir el Departamento de Motores y Veh\u00edculos (DMV) requiere que se inscriba y complete un curso de 8 horas sobre el uso de drogas y alcohol y los m\u00e9todos seguros de conducir. Nosotros le proporcionaremos  las habilidades y el conocimiento que necesita para convertirse en un buen conductor  y seguro de si mismo. Despu\u00e9s de completar este curso, usted recibir\u00e1 el certificado CS-1 para poder solicitar una licencia.<\/span><span class=\"course-length\"><span class=\"course-length-text\">Length of<\/span><span class=\"course-length-time\">Parte A - 4 Horas \/ Parte B - 4 horas: 8 horas en total<\/span><\/span><span class=\"course-content\">Duraci\u00f3n de Parte A: 4 horas \/ Parte B: 4 horas \/ Total: 8 horas<\/span><\/div><div class=\"course-footer\"><span class=\"course-button\"><a href=\"#\">\u00a1Reg\u00edstrese ahora!<\/a><\/span><\/div><\/div><\/div><\/div><br \/>\n<div class=\"courses-container\"><div class=\"courses-wrapper\"><div class=\"course-container\"><div class=\"course-header\"><h3>Pruebas escritas fuera del  DMV<\/h3><span class=\"course-price-new\">$350<\/span><\/div><div class=\"course-body\"><span class=\"course-content\"><li>El costo de este servicio es entre $250-$350. Le llevaremos al DMV usando nuestro veh\u00edculo inspeccionado por el estado (seg\u00fan la ley estatal debe recibir 2 horas de entrenamiento detr\u00e1s el volante antes de su prueba en carretera si utiliza nuestra escuela). Waterbury: $250; Hamden: $250; Wethersfield: $300; Bridgeport: $350.<\/li><\/span><\/div><div class=\"course-footer\"><span class=\"course-button\"><a href=\"#\">REG\u00cdSTRATE AHORA!<\/a><\/span><\/div><\/div><div class=\"course-container\"><div class=\"course-header\"><h3>Entrenamiento detr\u00e1s  del volante<\/h3><span class=\"course-price-new\">$150<\/span><\/div><div class=\"course-body\"><span class=\"course-content\">$75 por hora (2 horas requeridas como m\u00ednimo). Podemos ir a donde usted se encuentre; lo podemos recoger y dejar en su hogar, escuela o lugar de trabajo.<\/span><\/div><div class=\"course-footer\"><span class=\"course-button\"><a href=\"#\">\u00a1Reg\u00edstrese ahora!<\/a><\/span><\/div><\/div><\/div><\/div><\/p>\n<p style=\"text-align: center;\"><a href=\"https:\/\/www.google.com\/calendar\/embed?src=shielddrivingschoolct.net_d7er8igca2b7bo2arq7lt2rhe8%40group.calendar.google.com&amp;ctz=America\/New_York\">Current Calendar <\/a>&lt;-Using internet explorer click here<\/p>\n<p style=\"text-align: center;\">S-ADA-Spanish Drug &amp; Alcohol \/ E-ADA \u2013 English Drug &amp; Alcohol \/ SESSION- Full Program Schedule<\/p>\n<p style=\"text-align: center;\">Office Hours Monday to Friday 11AM to 6PM:\u00a0 Schedule may change due to weather, attendance and uncontrolled situations.<\/p>\n<p>&nbsp;<\/p>\n<p><iframe loading=\"lazy\" style=\"border-width: 0;\" src=\"https:\/\/www.google.com\/calendar\/embed?height=600&amp;wkst=1&amp;bgcolor=%23FFFFFF&amp;src=shielddrivingschoolct.net_d7er8igca2b7bo2arq7lt2rhe8%40group.calendar.google.com&amp;color=%238C500B&amp;ctz=America%2FNew_York\" width=\"800\" height=\"600\" frameborder=\"0\" scrolling=\"no\"><\/iframe><\/p>\n<div class=\"rule\"><span class=\"top\">top<\/span><\/div>\n","protected":false},"excerpt":{"rendered":"<p>Shield Driving School ha creado y desarrollado un curso \u00fanico para nuestra \u00e1rea. Nuestro programa de manejo para adolescentes se ha dise\u00f1ado desde cero para ayudar a educar conductores seguros, responsables y altamente calificados. Course listing coming soon: Current Calendar &lt;-Using internet explorer click here S-ADA-Spanish Drug &amp; Alcohol \/ E-ADA \u2013 English Drug &amp; [&hellip;]<\/p>\n","protected":false},"author":1,"featured_media":0,"parent":0,"menu_order":0,"comment_status":"closed","ping_status":"closed","template":"page-fullwidth.php","meta":[],"aioseo_notices":[],"_links":{"self":[{"href":"https:\/\/www.shielddrivingschoolct.net\/es\/wp-json\/wp\/v2\/pages\/1092"}],"collection":[{"href":"https:\/\/www.shielddrivingschoolct.net\/es\/wp-json\/wp\/v2\/pages"}],"about":[{"href":"https:\/\/www.shielddrivingschoolct.net\/es\/wp-json\/wp\/v2\/types\/page"}],"author":[{"embeddable":true,"href":"https:\/\/www.shielddrivingschoolct.net\/es\/wp-json\/wp\/v2\/users\/1"}],"replies":[{"embeddable":true,"href":"https:\/\/www.shielddrivingschoolct.net\/es\/wp-json\/wp\/v2\/comments?post=1092"}],"version-history":[{"count":22,"href":"https:\/\/www.shielddrivingschoolct.net\/es\/wp-json\/wp\/v2\/pages\/1092\/revisions"}],"predecessor-version":[{"id":1475,"href":"https:\/\/www.shielddrivingschoolct.net\/es\/wp-json\/wp\/v2\/pages\/1092\/revisions\/1475"}],"wp:attachment":[{"href":"https:\/\/www.shielddrivingschoolct.net\/es\/wp-json\/wp\/v2\/media?parent=1092"}],"curies":[{"name":"wp","href":"https:\/\/api.w.org\/{rel}","templated":true}]}}